{"id":13203,"date":"2020-11-20T18:46:07","date_gmt":"2020-11-20T17:46:07","guid":{"rendered":"http:\/\/fyziogym.cz\/?post_type=product&#038;p=13203"},"modified":"2021-03-14T21:19:56","modified_gmt":"2021-03-14T20:19:56","slug":"tricko-panske-rock-city","status":"publish","type":"product","link":"https:\/\/fyziogym.cz\/wp\/obchod\/tricko-panske-rock-city\/","title":{"rendered":"Tri\u010dko p\u00e1nsk\u00e9 Rock city"},"content":{"rendered":"<div class=\"col-md-4\"><img loading=\"lazy\" decoding=\"async\" class=\"aligncenter wp-image-13210 size-large\" src=\"http:\/\/fyziogym.cz\/wp\/wp-content\/uploads\/2020\/11\/DSC06921-576x1024.jpg\" alt=\"\" width=\"576\" height=\"1024\" srcset=\"https:\/\/fyziogym.cz\/wp\/wp-content\/uploads\/2020\/11\/DSC06921-576x1024.jpg 576w, https:\/\/fyziogym.cz\/wp\/wp-content\/uploads\/2020\/11\/DSC06921-169x300.jpg 169w, https:\/\/fyziogym.cz\/wp\/wp-content\/uploads\/2020\/11\/DSC06921-768x1365.jpg 768w, https:\/\/fyziogym.cz\/wp\/wp-content\/uploads\/2020\/11\/DSC06921-600x1066.jpg 600w\" sizes=\"(max-width: 576px) 100vw, 576px\" \/><\/div>\n<div class=\"col-md-4\"><img loading=\"lazy\" decoding=\"async\" class=\"aligncenter wp-image-13211 size-large\" src=\"http:\/\/fyziogym.cz\/wp\/wp-content\/uploads\/2020\/11\/DSC06926-1024x753.jpg\" alt=\"\" width=\"940\" height=\"691\" srcset=\"https:\/\/fyziogym.cz\/wp\/wp-content\/uploads\/2020\/11\/DSC06926-1024x753.jpg 1024w, https:\/\/fyziogym.cz\/wp\/wp-content\/uploads\/2020\/11\/DSC06926-300x221.jpg 300w, https:\/\/fyziogym.cz\/wp\/wp-content\/uploads\/2020\/11\/DSC06926-768x565.jpg 768w, https:\/\/fyziogym.cz\/wp\/wp-content\/uploads\/2020\/11\/DSC06926-600x441.jpg 600w\" sizes=\"(max-width: 940px) 100vw, 940px\" \/><\/div>\n<div class=\"col-md-4\"><img loading=\"lazy\" decoding=\"async\" class=\"aligncenter wp-image-13212 size-large\" src=\"http:\/\/fyziogym.cz\/wp\/wp-content\/uploads\/2020\/11\/DSC06932-576x1024.jpg\" alt=\"\" width=\"576\" height=\"1024\" srcset=\"https:\/\/fyziogym.cz\/wp\/wp-content\/uploads\/2020\/11\/DSC06932-576x1024.jpg 576w, https:\/\/fyziogym.cz\/wp\/wp-content\/uploads\/2020\/11\/DSC06932-169x300.jpg 169w, https:\/\/fyziogym.cz\/wp\/wp-content\/uploads\/2020\/11\/DSC06932-768x1365.jpg 768w, https:\/\/fyziogym.cz\/wp\/wp-content\/uploads\/2020\/11\/DSC06932-600x1066.jpg 600w\" sizes=\"(max-width: 576px) 100vw, 576px\" \/><\/div>\n<p>&nbsp;<\/p>\n","protected":false},"excerpt":{"rendered":"<p><strong>Materi\u00e1l<\/strong>: 140g\/m\u00b2, 100% OCS certifikovan\u00e1 bio bavlna<\/p>\n","protected":false},"featured_media":13211,"template":"","meta":[],"product_cat":[76,84],"product_tag":[],"_links":{"self":[{"href":"https:\/\/fyziogym.cz\/wp\/wp-json\/wp\/v2\/product\/13203"}],"collection":[{"href":"https:\/\/fyziogym.cz\/wp\/wp-json\/wp\/v2\/product"}],"about":[{"href":"https:\/\/fyziogym.cz\/wp\/wp-json\/wp\/v2\/types\/product"}],"wp:featuredmedia":[{"embeddable":true,"href":"https:\/\/fyziogym.cz\/wp\/wp-json\/wp\/v2\/media\/13211"}],"wp:attachment":[{"href":"https:\/\/fyziogym.cz\/wp\/wp-json\/wp\/v2\/media?parent=13203"}],"wp:term":[{"taxonomy":"product_cat","embeddable":true,"href":"https:\/\/fyziogym.cz\/wp\/wp-json\/wp\/v2\/product_cat?post=13203"},{"taxonomy":"product_tag","embeddable":true,"href":"https:\/\/fyziogym.cz\/wp\/wp-json\/wp\/v2\/product_tag?post=13203"}],"curies":[{"name":"wp","href":"https:\/\/api.w.org\/{rel}","templated":true}]}}