{"id":13174,"date":"2020-11-18T20:29:13","date_gmt":"2020-11-18T19:29:13","guid":{"rendered":"http:\/\/fyziogym.cz\/?post_type=product&#038;p=13174"},"modified":"2020-11-27T10:29:49","modified_gmt":"2020-11-27T09:29:49","slug":"kompresni-guma-flossband-25-cm-x-2-m","status":"publish","type":"product","link":"https:\/\/fyziogym.cz\/wp\/obchod\/kompresni-guma-flossband-25-cm-x-2-m\/","title":{"rendered":"KOMPRESN\u00cd GUMA FLOSSBAND 2,5 CM X 2 M"},"content":{"rendered":"<p><strong>Kdy se v\u00e1m bude flossing hodit:<\/strong><br \/>\nFlossing je velice efektivn\u00ed kompresn\u00ed metoda, kterou m\u016f\u017eete vyu\u017e\u00edt k terapii, regeneraci i tr\u00e9ninku. Flosov\u00e1n\u00edm doch\u00e1z\u00ed k dynamick\u00e9 v\u00fdm\u011bn\u011b t\u011bln\u00edch tekutin a jejich \u010d\u00e1st\u00ed, mobilizaci m\u011bkk\u00fdch tk\u00e1n\u00ed, potla\u010den\u00ed bolesti a zvy\u0161ov\u00e1n\u00ed rozsahu pohybu.<br \/>\nJe to v\u00fdhodn\u00e1 pom\u016fcka pro amat\u00e9rsk\u00e9 i profesion\u00e1ln\u00ed sportovce. Je skladn\u00e1 a vyu\u017eiteln\u00e1 pro rychlou i hloubkovou regeneraci. M\u016f\u017eete tak flossing aplikovat i v pr\u016fb\u011bhu sportov\u00e1n\u00ed, p\u0159ed n\u00edm i po n\u011bm.<\/p>\n<p><strong>Kurzy, na kter\u00fdch se flossing nau\u010d\u00edte aplikovat:<\/strong><\/p>\n<ul>\n<li>3h session &#8211; Prevence zran\u011bn\u00ed ruky (Praha)<\/li>\n<li>Kl\u00ed\u010dov\u00e9 prvky v lezen\u00ed (Praha)<\/li>\n<li>Mobilita a regenerace v lezen\u00ed (Brno)<\/li>\n<\/ul>\n<p><strong>Trvanlivost:<\/strong> v\u00fdrobce garantuje mo\u017enost skladov\u00e1n\u00ed gumy od data v\u00fdroby ve stejn\u00e9 kvalit\u011b po dobu 3 let.<\/p>\n","protected":false},"excerpt":{"rendered":"<p><strong>Barva a odpor:<\/strong><\/p>\n<ul>\n<li>limetkov\u011b zelen\u00e1, slab\u00e1<\/li>\n<\/ul>\n<p><strong>Rozm\u011bry:<\/strong> d\u00e9lka 2m, \u0161\u00ed\u0159ka 2,5 cm<br \/>\n<strong>Materi\u00e1l:<\/strong> p\u0159\u00edrodn\u00ed latex<\/p>\n","protected":false},"featured_media":13324,"template":"","meta":[],"product_cat":[74],"product_tag":[],"_links":{"self":[{"href":"https:\/\/fyziogym.cz\/wp\/wp-json\/wp\/v2\/product\/13174"}],"collection":[{"href":"https:\/\/fyziogym.cz\/wp\/wp-json\/wp\/v2\/product"}],"about":[{"href":"https:\/\/fyziogym.cz\/wp\/wp-json\/wp\/v2\/types\/product"}],"wp:featuredmedia":[{"embeddable":true,"href":"https:\/\/fyziogym.cz\/wp\/wp-json\/wp\/v2\/media\/13324"}],"wp:attachment":[{"href":"https:\/\/fyziogym.cz\/wp\/wp-json\/wp\/v2\/media?parent=13174"}],"wp:term":[{"taxonomy":"product_cat","embeddable":true,"href":"https:\/\/fyziogym.cz\/wp\/wp-json\/wp\/v2\/product_cat?post=13174"},{"taxonomy":"product_tag","embeddable":true,"href":"https:\/\/fyziogym.cz\/wp\/wp-json\/wp\/v2\/product_tag?post=13174"}],"curies":[{"name":"wp","href":"https:\/\/api.w.org\/{rel}","templated":true}]}}